{"id":2250,"date":"2022-12-22T13:03:07","date_gmt":"2022-12-22T13:03:07","guid":{"rendered":"https:\/\/create-test.website\/?page_id=2250"},"modified":"2023-02-07T17:00:54","modified_gmt":"2023-02-07T17:00:54","slug":"agb","status":"publish","type":"page","link":"https:\/\/www.kunstzumwohlf\u00fchlen.com\/?page_id=2250","title":{"rendered":"AGB"},"content":{"rendered":"\t\t<div data-elementor-type=\"wp-page\" data-elementor-id=\"2250\" class=\"elementor elementor-2250\">\n\t\t\t\t\t\t<section class=\"elementor-section elementor-top-section elementor-element elementor-element-cb3c641 elementor-section-boxed elementor-section-height-default elementor-section-height-default\" data-id=\"cb3c641\" data-element_type=\"section\">\n\t\t\t\t\t\t<div class=\"elementor-container elementor-column-gap-default\">\n\t\t\t\t\t<div class=\"elementor-column elementor-col-100 elementor-top-column elementor-element elementor-element-ce53779\" data-id=\"ce53779\" data-element_type=\"column\">\n\t\t\t<div class=\"elementor-widget-wrap elementor-element-populated\">\n\t\t\t\t\t\t<div class=\"elementor-element elementor-element-d3b2656 elementor-widget elementor-widget-text-editor\" data-id=\"d3b2656\" data-element_type=\"widget\" data-widget_type=\"text-editor.default\">\n\t\t\t\t<div class=\"elementor-widget-container\">\n\t\t\t<style>\/*! elementor - v3.21.0 - 25-04-2024 *\/\n.elementor-widget-text-editor.elementor-drop-cap-view-stacked .elementor-drop-cap{background-color:#69727d;color:#fff}.elementor-widget-text-editor.elementor-drop-cap-view-framed .elementor-drop-cap{color:#69727d;border:3px solid;background-color:transparent}.elementor-widget-text-editor:not(.elementor-drop-cap-view-default) .elementor-drop-cap{margin-top:8px}.elementor-widget-text-editor:not(.elementor-drop-cap-view-default) .elementor-drop-cap-letter{width:1em;height:1em}.elementor-widget-text-editor .elementor-drop-cap{float:left;text-align:center;line-height:1;font-size:50px}.elementor-widget-text-editor .elementor-drop-cap-letter{display:inline-block}<\/style>\t\t\t\t<h1 class=\"n\">ALLGEMEINE GESCH\u00c4FTSBEDINGUNGEN<\/h1><p class=\"n\">Allgemeine Gesch\u00e4ftsbedingungen<br \/>AGB erstellt \u00fcber den Generator der Deutschen Anwaltshotline AG<br \/>Vertragspartner<br \/>Auf Grundlage dieser Allgemeinen Gesch\u00e4ftsbedingungen (AGB) kommt zwischen dem Kunden und<br \/>Kunst zum Wohlf\u00fchlen<br \/>Vertreten durch Christine, Sch\u00f6lzhorn<br \/>Adresse: St.Margarethenstr. 77 39049 Sterzing<br \/>Tel: 00393284816321<br \/>EMailAdresse:<br \/>christine.schoelzhorn@rolmail.com<br \/>Handelsregister: Bozen<br \/>Handelsregisternummer: Bz216321<br \/>UmsatzsteuerIdentifikationsnummer:<br \/>02854000219<br \/>, nachfolgend Anbieter genannt, der Vertrag zustande.<br \/>Vertragsgegenstand<br \/>Durch diesen Vertrag wird der Verkauf von Neuwaren aus dem Bereich\/den Bereichen Kunst \u00fcber den OnlineShop<br \/>des<br \/>Anbieters geregelt. Wegen der Details des jeweiligen Angebotes wird auf die Produktbeschreibung der Angebotsseite<br \/>verwiesen.<br \/>Vertragsschluss<br \/>Der Vertrag kommt ausschlie\u00dflich im elektronischen Gesch\u00e4ftsverkehr \u00fcber das ShopSystem<br \/>zustande. Dabei stellen<br \/>die dargestellten Angebote eine unverbindliche Aufforderung zur Abgabe eines Angebots durch die Kundenbestellung<br \/>dar, das der Anbieter dann annehmen kann.<br \/>Der Bestellvorgang zum Vertragsschluss umfasst im ShopSystem<br \/>folgende Schritte:<br \/>ausw\u00e4hlen<br \/>bestellen<br \/>bezahlen<br \/>Mit der Zusendung der Bestellbest\u00e4tigung kommt der Vertrag zustande.<br \/>Vertragsdauer<br \/>Der Vertrag wird auf unbestimmte Zeit geschlossen.<br \/>Preise, Versandkosten, R\u00fccksendekosten<br \/>Alle Preise sind Endpreise und enthalten gem. \u00a7 19 Abs. 1 UStG keine Umsatzsteuer (Mehrwertsteuer). Neben den<br \/>Endpreisen fallen je nach Versandart weitere Kosten an, die vor Versendung der Bestellung angezeigt werden.<br \/>Besteht ein Widerrufsrecht und wird von diesem Gebrauch gemacht, tr\u00e4gt der Kunde die Kosten der R\u00fccksendung.<br \/>Zahlungsbedingungen<br \/>Der Kunde hat ausschlie\u00dflich folgende M\u00f6glichkeiten zur Zahlung:Paypal,Kreditkarte, Vorab\u00fcberweisung , Barzahlung bei Abholung .<br \/>Weitere Zahlungsarten werden nicht angeboten und werden zur\u00fcckgewiesen.<br \/>Der Rechnungsbetrag ist nach Zugang der Rechnung, die alle Angaben f\u00fcr die \u00dcberweisung enth\u00e4lt und mit EMail<br \/>verschickt wird, auf das dort angegebene Konto vorab zu \u00fcberweisen. Der Rechnungsbetrag kann auch unter Abzug<br \/>der in Ansatz gebrachten Versandkosten in den Gesch\u00e4ftsr\u00e4umen des Anbieters zu den \u00fcblichen B\u00fcrozeiten in bar<br \/>gezahlt werden.<br \/>Der Kunde ist verpflichtet innerhalb von 14 Tagen nach Erhalt der Rechnung den ausgewiesenen Betrag auf das auf<br \/>der Rechnung angegebene Konto einzuzahlen oder zu \u00fcberweisen.<br \/>Die Zahlung ist ab Rechnungsdatum ohne Abzug f\u00e4llig. Der Kunde kommt erst nach Mahnung in Verzug.<br \/>Lieferbedingungen<br \/>Die Ware wird umgehend nach best\u00e4tigtem Zahlungseingang versandt.<br \/>Der Versand erfolgt durchschnittlich sp\u00e4testens nach 7 Tagen. Der Unternehmer verpflichtet sich zur Lieferung am<br \/>14. Tag nach best\u00e4tigtem Zahlungseingang.<br \/>Die Regellieferzeit betr\u00e4gt 7 Tage, wenn in der Artikelbeschreibung nichts anderes angegeben ist.<br \/>Der Anbieter versendet die Bestellung aus eigenem Lager, sobald die gesamte Bestellung dort vorr\u00e4tig ist.<br \/>Gew\u00e4hrleistung<br \/>Verbrauchern steht f\u00fcr die angebotenen Leistungen ein gesetzliches M\u00e4ngelhaftungsrecht nach den einschl\u00e4gigen<br \/>Vorschriften des B\u00fcrgerlichen Gesetzbuch (BGB) zu. Sofern hiervon abgewichen wird, richtet sich die Gew\u00e4hrleistung<br \/>nach den hierzu verfassten Regelungen in den Allgemeinen Gesch\u00e4ftsbedingungen (AGB).<br \/>Dies gilt nicht f\u00fcr Schadensersatzanspr\u00fcche des Kunden wegen Verletzung des Lebens, des K\u00f6rpers, der Gesundheit<br \/>oder wesentlicher Vertragspflichten, welche zur Erreichung des Vertragszieles notwendigerweise erf\u00fcllt werden<br \/>m\u00fcssen. Ebenso gilt dies nicht f\u00fcr Schadensersatzanspr\u00fcche nach grob fahrl\u00e4ssiger oder vors\u00e4tzlicher<br \/>Pflichtverletzung des Anbieters oder seines gesetzlichen Vertreters oder Erf\u00fcllungsgehilfen. Im \u00dcbrigen gelten die<br \/>gesetzlichen Regelungen.<br \/>Widerrufsrecht und Kundendienst<br \/>Widerrufsbelehrung<br \/>Widerrufsrecht<br \/>Sie haben das Recht, binnen vierzehn Tagen ohne Angabe von Gr\u00fcnden diesen Vertrag zu widerrufen.<br \/>Die Widerrufsfrist betr\u00e4gt vierzehn Tage ab dem Tag,<br \/>Im Falle eines Kaufvertrags: an dem Sie oder ein von Ihnen benannter Dritter, der nicht der Bef\u00f6rderer<br \/>ist, die letzte Ware in Besitz genommen haben bzw. hat.<br \/>Im Falle eines Vertrags \u00fcber mehrere Waren, die der Verbraucher im Rahmen einer einheitlichen<br \/>Bestellung bestellt hat und die getrennt geliefert werden: an dem Sie oder ein von Ihnen benannter<br \/>Dritter, der nicht Bef\u00f6rderer ist, die letzte Ware in Besitz genommen haben bzw. hat.<br \/>Im Falle eines Vertrags \u00fcber die Lieferung einer Ware in mehreren Teilsendungen oder St\u00fccken: an<br \/>dem Sie oder ein von Ihnen benannter Dritter, der nicht Bef\u00f6rderer ist, die letzte Teilsendung oder das<br \/>letzte St\u00fcck in Besitz genommen haben bzw. hat.<br \/>Im Falle eines Vertrages zur regelm\u00e4\u00dfigen Lieferung von Waren \u00fcber einen festgelegten Zeitraum<br \/>hinweg: an dem Sie oder ein von Ihnen benannter Dritter, der nicht Bef\u00f6rderer ist, die erste Ware in<br \/>Besitz genommen haben bzw. hat.<br \/>Beim Zusammentreffen mehrerer Alternativen ist der jeweils letzte Zeitpunkt ma\u00dfgeblich.<br \/>Um Ihr Widerrufsrecht auszu\u00fcben, m\u00fcssen Sie uns (Kunst zum wohlf\u00fchlen, Sch\u00f6lzhorn Christine,<br \/>St.Margarethenstr.77 39049 Sterzing 00393284816321 christine.schoelzhorn@rolmail.com) mittels einer<br \/>eindeutigen Erkl\u00e4rung (z.B. ein mit der Post versandter Brief, Telefax, oder EMail)<br \/>\u00fcber Ihren Entschluss,<br \/>diesen Vertrag zu widerrufen, informieren. Sie k\u00f6nnen daf\u00fcr das beigef\u00fcgte MusterWiderrufsformular<br \/>verwenden, das jedoch nicht vorgeschrieben ist.<br \/>Zur Wahrung der Widerrufsfrist reicht es aus, dass Sie die Mitteilung \u00fcber die Aus\u00fcbung des Widerrufsrechts<br \/>vor Ablauf der Widerrufsfrist absenden.<br \/>Folgen des Widerrufs<br \/>Wenn Sie diesen Vertrag widerrufen, haben wir Ihnen alle Zahlungen, die wir von Ihnen erhalten haben,<br \/>einschlie\u00dflich der Lieferkosten (mit Ausnahmen der zus\u00e4tzlichen Kosten, die sich daraus ergeben, dass Sie<br \/>einer andere Art der Lieferung als die von uns angebotene, g\u00fcnstige Standardlieferung gew\u00e4hlt haben),<br \/>unverz\u00fcglich und sp\u00e4testens binnen vierzehn Tagen ab dem Tag zur\u00fcckzuzahlen, an dem die Mitteilung \u00fcber<br \/>Ihren Widerruf dieses Vertrags bei uns eingegangen ist. F\u00fcr diese R\u00fcckzahlung verwenden wir dasselbe<br \/>Zahlungsmittel, das Sie bei der urspr\u00fcnglichen Transaktion eingesetzt haben, es sei denn, mit Ihnen wurde<br \/>ausdr\u00fccklich etwas anderes vereinbart\u037e in keinem Fall werden Ihnen wegen dieser R\u00fcckzahlung Entgelte<br \/>berechnet. Wir k\u00f6nnen die R\u00fcckzahlung verweigern, bis wir die Waren wieder zur\u00fcckerhalten haben oder bis<br \/>Sie den Nachweis erbracht haben, dass Sie die Waren zur\u00fcckgesandt haben, je nachdem, welches der<br \/>fr\u00fchere Zeitpunkt ist.<br \/>Sie haben die Waren unverz\u00fcglich und in jedem Fall sp\u00e4testens binnen vierzehn Tagen ab dem Tag, an dem<br \/>Sie uns \u00fcber den Widerruf dieses Vertrags unterrichten, an Kunst zum wohlf\u00fchlen, Sch\u00f6lzhorn Christine,<br \/>St.Margarethenstr.77 39049 Sterzing 00393284816321 christine.schoelzhorn@rolmail.com uns<br \/>zur\u00fcckzusenden oder zu \u00fcbergeben. Die Frist ist gewahrt, wenn Sie die Waren vor Ablauf der Frist von<br \/>vierzehn Tagen absenden.<br \/>Sie tragen die unmittelbaren Kosten der R\u00fccksendung der Waren.<br \/>Sie m\u00fcssen f\u00fcr einen etwaigen Wertverlust der Waren nur aufkommen, wenn dieser Wertverlust auf einen<br \/>zur Pr\u00fcfung der Beschaffenheit, Eigenschaften und Funktionsweise der Waren nicht notwendigen Umgang<br \/>mit ihnen zur\u00fcckzuf\u00fchren ist.<br \/>Ende der Widerrufsbelehrung<br \/>Abtretungsund<br \/>Verpf\u00e4ndungsverbot<br \/>Anspr\u00fcche oder Rechte des Kunden gegen den Anbieter d\u00fcrfen ohne dessen Zustimmung nicht abgetreten oder<br \/>verpf\u00e4ndet werden, es sei denn der Kunde hat ein berechtigtes Interesse an der Abtretung oder Verpf\u00e4ndung<br \/>nachgewiesen.<br \/>Sprache, Gerichtsstand und anzuwendendes Recht<br \/>Der Vertrag wird in Deutsch abgefasst. Die weitere Durchf\u00fchrung der Vertragsbeziehung erfolgt in Deutsch. Es findet<br \/>ausschlie\u00dflich das Recht des Landes italien Anwendung. F\u00fcr Verbraucher gilt dies nur insoweit, als dadurch keine<br \/>gesetzlichen Bestimmungen des Staates eingeschr\u00e4nkt werden, in dem der Kunde seinen Wohnsitz oder gew\u00f6hnlichen<br \/>Aufenthalt hat.<br \/>Salvatorische Klausel<br \/>Die Unwirksamkeit einer Bestimmung dieser AGB hat keine Auswirkungen auf die Wirksamkeit der sonstigen<br \/>Bestimmungen.<br \/>Umsetzung der ODRRichtlinie<br \/>OnlineStreitbeilegung<br \/>gem\u00e4\u00df Art. 14 Abs. 1 ODRVO<br \/>Die Europ\u00e4ische Kommission stellt eine Plattform zur OnlineStreitbeilegung<br \/>(OS) bereit, die Sie unter<br \/><a href=\"http:\/\/ec.europa.eu\/consumers\/odr\/\" target=\"_blank\" rel=\"noopener\">http:\/\/ec.europa.eu\/consumers\/odr\/<\/a> finden.<\/p>\t\t\t\t\t\t<\/div>\n\t\t\t\t<\/div>\n\t\t\t\t\t<\/div>\n\t\t<\/div>\n\t\t\t\t\t<\/div>\n\t\t<\/section>\n\t\t\t\t<\/div>\n\t\t","protected":false},"excerpt":{"rendered":"<p>ALLGEMEINE GESCH\u00c4FTSBEDINGUNGEN Allgemeine Gesch\u00e4ftsbedingungen AGB erstellt \u00fcber den Generator der Deutschen Anwaltshotline AG Vertragspartner Auf Grundlage dieser Allgemeinen Gesch\u00e4ftsbedingungen (AGB) kommt zwischen dem Kunden und Kunst zum Wohlf\u00fchlen Vertreten durch Christine, Sch\u00f6lzhorn Adresse: St.Margarethenstr. 77 39049 Sterzing Tel: 00393284816321 EMailAdresse: christine.schoelzhorn@rolmail.com Handelsregister: Bozen Handelsregisternummer: Bz216321 UmsatzsteuerIdentifikationsnummer: 02854000219 , nachfolgend Anbieter genannt, der Vertrag zustande. Vertragsgegenstand [&hellip;]<\/p>\n","protected":false},"author":1,"featured_media":0,"parent":0,"menu_order":0,"comment_status":"closed","ping_status":"closed","template":"elementor_header_footer","meta":{"om_disable_all_campaigns":false,"_monsterinsights_skip_tracking":false,"_monsterinsights_sitenote_active":false,"_monsterinsights_sitenote_note":"","_monsterinsights_sitenote_category":0,"ocean_post_layout":"full-screen","ocean_both_sidebars_style":"","ocean_both_sidebars_content_width":0,"ocean_both_sidebars_sidebars_width":0,"ocean_sidebar":"0","ocean_second_sidebar":"0","ocean_disable_margins":"on","ocean_add_body_class":"","ocean_shortcode_before_top_bar":"","ocean_shortcode_after_top_bar":"","ocean_shortcode_before_header":"","ocean_shortcode_after_header":"","ocean_has_shortcode":"","ocean_shortcode_after_title":"","ocean_shortcode_before_footer_widgets":"","ocean_shortcode_after_footer_widgets":"","ocean_shortcode_before_footer_bottom":"","ocean_shortcode_after_footer_bottom":"","ocean_display_top_bar":"off","ocean_display_header":"on","ocean_header_style":"","ocean_center_header_left_menu":"0","ocean_custom_header_template":"0","ocean_custom_logo":0,"ocean_custom_retina_logo":0,"ocean_custom_logo_max_width":0,"ocean_custom_logo_tablet_max_width":0,"ocean_custom_logo_mobile_max_width":0,"ocean_custom_logo_max_height":0,"ocean_custom_logo_tablet_max_height":0,"ocean_custom_logo_mobile_max_height":0,"ocean_header_custom_menu":"0","ocean_menu_typo_font_family":"0","ocean_menu_typo_font_subset":"","ocean_menu_typo_font_size":0,"ocean_menu_typo_font_size_tablet":0,"ocean_menu_typo_font_size_mobile":0,"ocean_menu_typo_font_size_unit":"px","ocean_menu_typo_font_weight":"","ocean_menu_typo_font_weight_tablet":"","ocean_menu_typo_font_weight_mobile":"","ocean_menu_typo_transform":"","ocean_menu_typo_transform_tablet":"","ocean_menu_typo_transform_mobile":"","ocean_menu_typo_line_height":0,"ocean_menu_typo_line_height_tablet":0,"ocean_menu_typo_line_height_mobile":0,"ocean_menu_typo_line_height_unit":"","ocean_menu_typo_spacing":0,"ocean_menu_typo_spacing_tablet":0,"ocean_menu_typo_spacing_mobile":0,"ocean_menu_typo_spacing_unit":"","ocean_menu_link_color":"","ocean_menu_link_color_hover":"","ocean_menu_link_color_active":"","ocean_menu_link_background":"","ocean_menu_link_hover_background":"","ocean_menu_link_active_background":"","ocean_menu_social_links_bg":"","ocean_menu_social_hover_links_bg":"","ocean_menu_social_links_color":"","ocean_menu_social_hover_links_color":"","ocean_disable_title":"on","ocean_disable_heading":"default","ocean_post_title":"","ocean_post_subheading":"","ocean_post_title_style":"","ocean_post_title_background_color":"","ocean_post_title_background":0,"ocean_post_title_bg_image_position":"","ocean_post_title_bg_image_attachment":"","ocean_post_title_bg_image_repeat":"","ocean_post_title_bg_image_size":"","ocean_post_title_height":0,"ocean_post_title_bg_overlay":0.5,"ocean_post_title_bg_overlay_color":"","ocean_disable_breadcrumbs":"off","ocean_breadcrumbs_color":"","ocean_breadcrumbs_separator_color":"","ocean_breadcrumbs_links_color":"","ocean_breadcrumbs_links_hover_color":"","ocean_display_footer_widgets":"off","ocean_display_footer_bottom":"on","ocean_custom_footer_template":"0","footnotes":""},"class_list":["post-2250","page","type-page","status-publish","hentry","entry","owp-thumbs-layout-horizontal","owp-btn-normal","owp-tabs-layout-horizontal","has-no-thumbnails","has-product-nav"],"aioseo_notices":[],"yoast_head":"<!-- This site is optimized with the Yoast SEO plugin v26.5 - https:\/\/yoast.com\/wordpress\/plugins\/seo\/ -->\n<title>AGB - kunstzumwohlf\u00fchlen.com<\/title>\n<meta name=\"robots\" content=\"index, follow, max-snippet:-1, max-image-preview:large, max-video-preview:-1\" \/>\n<link rel=\"canonical\" href=\"https:\/\/www.kunstzumwohlf\u00fchlen.com\/?page_id=2250\" \/>\n<meta property=\"og:locale\" content=\"de_DE\" \/>\n<meta property=\"og:type\" content=\"article\" \/>\n<meta property=\"og:title\" content=\"AGB - kunstzumwohlf\u00fchlen.com\" \/>\n<meta property=\"og:description\" content=\"ALLGEMEINE GESCH\u00c4FTSBEDINGUNGEN Allgemeine Gesch\u00e4ftsbedingungen AGB erstellt \u00fcber den Generator der Deutschen Anwaltshotline AG Vertragspartner Auf Grundlage dieser Allgemeinen Gesch\u00e4ftsbedingungen (AGB) kommt zwischen dem Kunden und Kunst zum Wohlf\u00fchlen Vertreten durch Christine, Sch\u00f6lzhorn Adresse: St.Margarethenstr. 77 39049 Sterzing Tel: 00393284816321 EMailAdresse: christine.schoelzhorn@rolmail.com Handelsregister: Bozen Handelsregisternummer: Bz216321 UmsatzsteuerIdentifikationsnummer: 02854000219 , nachfolgend Anbieter genannt, der Vertrag zustande. Vertragsgegenstand [&hellip;]\" \/>\n<meta property=\"og:url\" content=\"https:\/\/www.kunstzumwohlf\u00fchlen.com\/?page_id=2250\" \/>\n<meta property=\"og:site_name\" content=\"kunstzumwohlf\u00fchlen.com\" \/>\n<meta property=\"article:modified_time\" content=\"2023-02-07T17:00:54+00:00\" \/>\n<meta name=\"twitter:card\" content=\"summary_large_image\" \/>\n<meta name=\"twitter:label1\" content=\"Gesch\u00e4tzte Lesezeit\" \/>\n\t<meta name=\"twitter:data1\" content=\"7\u00a0Minuten\" \/>\n<script type=\"application\/ld+json\" class=\"yoast-schema-graph\">{\"@context\":\"https:\/\/schema.org\",\"@graph\":[{\"@type\":\"WebPage\",\"@id\":\"https:\/\/www.kunstzumwohlf\u00fchlen.com\/?page_id=2250\",\"url\":\"https:\/\/www.kunstzumwohlf\u00fchlen.com\/?page_id=2250\",\"name\":\"AGB - kunstzumwohlf\u00fchlen.com\",\"isPartOf\":{\"@id\":\"https:\/\/www.kunstzumwohlf\u00fchlen.com\/#website\"},\"datePublished\":\"2022-12-22T13:03:07+00:00\",\"dateModified\":\"2023-02-07T17:00:54+00:00\",\"breadcrumb\":{\"@id\":\"https:\/\/www.kunstzumwohlf\u00fchlen.com\/?page_id=2250#breadcrumb\"},\"inLanguage\":\"de\",\"potentialAction\":[{\"@type\":\"ReadAction\",\"target\":[\"https:\/\/www.kunstzumwohlf\u00fchlen.com\/?page_id=2250\"]}]},{\"@type\":\"BreadcrumbList\",\"@id\":\"https:\/\/www.kunstzumwohlf\u00fchlen.com\/?page_id=2250#breadcrumb\",\"itemListElement\":[{\"@type\":\"ListItem\",\"position\":1,\"name\":\"Startseite\",\"item\":\"https:\/\/www.kunstzumwohlf\u00fchlen.com\/\"},{\"@type\":\"ListItem\",\"position\":2,\"name\":\"AGB\"}]},{\"@type\":\"WebSite\",\"@id\":\"https:\/\/www.kunstzumwohlf\u00fchlen.com\/#website\",\"url\":\"https:\/\/www.kunstzumwohlf\u00fchlen.com\/\",\"name\":\"kunstzumwohlf\u00fchlen.com\",\"description\":\"ATMA-Art Christine Sch\u00f6lzhorn\",\"publisher\":{\"@id\":\"https:\/\/www.kunstzumwohlf\u00fchlen.com\/#organization\"},\"potentialAction\":[{\"@type\":\"SearchAction\",\"target\":{\"@type\":\"EntryPoint\",\"urlTemplate\":\"https:\/\/www.kunstzumwohlf\u00fchlen.com\/?s={search_term_string}\"},\"query-input\":{\"@type\":\"PropertyValueSpecification\",\"valueRequired\":true,\"valueName\":\"search_term_string\"}}],\"inLanguage\":\"de\"},{\"@type\":\"Organization\",\"@id\":\"https:\/\/www.kunstzumwohlf\u00fchlen.com\/#organization\",\"name\":\"kunstzumwohlf\u00fchlen.com\",\"url\":\"https:\/\/www.kunstzumwohlf\u00fchlen.com\/\",\"logo\":{\"@type\":\"ImageObject\",\"inLanguage\":\"de\",\"@id\":\"https:\/\/www.kunstzumwohlf\u00fchlen.com\/#\/schema\/logo\/image\/\",\"url\":\"https:\/\/www.kunstzumwohlf\u00fchlen.com\/wp-content\/uploads\/2023\/05\/cropped-christine_schoelzhorn_logo_webseite_icon.png\",\"contentUrl\":\"https:\/\/www.kunstzumwohlf\u00fchlen.com\/wp-content\/uploads\/2023\/05\/cropped-christine_schoelzhorn_logo_webseite_icon.png\",\"width\":2810,\"height\":2110,\"caption\":\"kunstzumwohlf\u00fchlen.com\"},\"image\":{\"@id\":\"https:\/\/www.kunstzumwohlf\u00fchlen.com\/#\/schema\/logo\/image\/\"}}]}<\/script>\n<!-- \/ Yoast SEO plugin. -->","yoast_head_json":{"title":"AGB - kunstzumwohlf\u00fchlen.com","robots":{"index":"index","follow":"follow","max-snippet":"max-snippet:-1","max-image-preview":"max-image-preview:large","max-video-preview":"max-video-preview:-1"},"canonical":"https:\/\/www.kunstzumwohlf\u00fchlen.com\/?page_id=2250","og_locale":"de_DE","og_type":"article","og_title":"AGB - kunstzumwohlf\u00fchlen.com","og_description":"ALLGEMEINE GESCH\u00c4FTSBEDINGUNGEN Allgemeine Gesch\u00e4ftsbedingungen AGB erstellt \u00fcber den Generator der Deutschen Anwaltshotline AG Vertragspartner Auf Grundlage dieser Allgemeinen Gesch\u00e4ftsbedingungen (AGB) kommt zwischen dem Kunden und Kunst zum Wohlf\u00fchlen Vertreten durch Christine, Sch\u00f6lzhorn Adresse: St.Margarethenstr. 77 39049 Sterzing Tel: 00393284816321 EMailAdresse: christine.schoelzhorn@rolmail.com Handelsregister: Bozen Handelsregisternummer: Bz216321 UmsatzsteuerIdentifikationsnummer: 02854000219 , nachfolgend Anbieter genannt, der Vertrag zustande. Vertragsgegenstand [&hellip;]","og_url":"https:\/\/www.kunstzumwohlf\u00fchlen.com\/?page_id=2250","og_site_name":"kunstzumwohlf\u00fchlen.com","article_modified_time":"2023-02-07T17:00:54+00:00","twitter_card":"summary_large_image","twitter_misc":{"Gesch\u00e4tzte Lesezeit":"7\u00a0Minuten"},"schema":{"@context":"https:\/\/schema.org","@graph":[{"@type":"WebPage","@id":"https:\/\/www.kunstzumwohlf\u00fchlen.com\/?page_id=2250","url":"https:\/\/www.kunstzumwohlf\u00fchlen.com\/?page_id=2250","name":"AGB - kunstzumwohlf\u00fchlen.com","isPartOf":{"@id":"https:\/\/www.kunstzumwohlf\u00fchlen.com\/#website"},"datePublished":"2022-12-22T13:03:07+00:00","dateModified":"2023-02-07T17:00:54+00:00","breadcrumb":{"@id":"https:\/\/www.kunstzumwohlf\u00fchlen.com\/?page_id=2250#breadcrumb"},"inLanguage":"de","potentialAction":[{"@type":"ReadAction","target":["https:\/\/www.kunstzumwohlf\u00fchlen.com\/?page_id=2250"]}]},{"@type":"BreadcrumbList","@id":"https:\/\/www.kunstzumwohlf\u00fchlen.com\/?page_id=2250#breadcrumb","itemListElement":[{"@type":"ListItem","position":1,"name":"Startseite","item":"https:\/\/www.kunstzumwohlf\u00fchlen.com\/"},{"@type":"ListItem","position":2,"name":"AGB"}]},{"@type":"WebSite","@id":"https:\/\/www.kunstzumwohlf\u00fchlen.com\/#website","url":"https:\/\/www.kunstzumwohlf\u00fchlen.com\/","name":"kunstzumwohlf\u00fchlen.com","description":"ATMA-Art Christine Sch\u00f6lzhorn","publisher":{"@id":"https:\/\/www.kunstzumwohlf\u00fchlen.com\/#organization"},"potentialAction":[{"@type":"SearchAction","target":{"@type":"EntryPoint","urlTemplate":"https:\/\/www.kunstzumwohlf\u00fchlen.com\/?s={search_term_string}"},"query-input":{"@type":"PropertyValueSpecification","valueRequired":true,"valueName":"search_term_string"}}],"inLanguage":"de"},{"@type":"Organization","@id":"https:\/\/www.kunstzumwohlf\u00fchlen.com\/#organization","name":"kunstzumwohlf\u00fchlen.com","url":"https:\/\/www.kunstzumwohlf\u00fchlen.com\/","logo":{"@type":"ImageObject","inLanguage":"de","@id":"https:\/\/www.kunstzumwohlf\u00fchlen.com\/#\/schema\/logo\/image\/","url":"https:\/\/www.kunstzumwohlf\u00fchlen.com\/wp-content\/uploads\/2023\/05\/cropped-christine_schoelzhorn_logo_webseite_icon.png","contentUrl":"https:\/\/www.kunstzumwohlf\u00fchlen.com\/wp-content\/uploads\/2023\/05\/cropped-christine_schoelzhorn_logo_webseite_icon.png","width":2810,"height":2110,"caption":"kunstzumwohlf\u00fchlen.com"},"image":{"@id":"https:\/\/www.kunstzumwohlf\u00fchlen.com\/#\/schema\/logo\/image\/"}}]}},"jetpack_sharing_enabled":true,"_links":{"self":[{"href":"https:\/\/www.kunstzumwohlf\u00fchlen.com\/index.php?rest_route=\/wp\/v2\/pages\/2250","targetHints":{"allow":["GET"]}}],"collection":[{"href":"https:\/\/www.kunstzumwohlf\u00fchlen.com\/index.php?rest_route=\/wp\/v2\/pages"}],"about":[{"href":"https:\/\/www.kunstzumwohlf\u00fchlen.com\/index.php?rest_route=\/wp\/v2\/types\/page"}],"author":[{"embeddable":true,"href":"https:\/\/www.kunstzumwohlf\u00fchlen.com\/index.php?rest_route=\/wp\/v2\/users\/1"}],"replies":[{"embeddable":true,"href":"https:\/\/www.kunstzumwohlf\u00fchlen.com\/index.php?rest_route=%2Fwp%2Fv2%2Fcomments&post=2250"}],"version-history":[{"count":5,"href":"https:\/\/www.kunstzumwohlf\u00fchlen.com\/index.php?rest_route=\/wp\/v2\/pages\/2250\/revisions"}],"predecessor-version":[{"id":3387,"href":"https:\/\/www.kunstzumwohlf\u00fchlen.com\/index.php?rest_route=\/wp\/v2\/pages\/2250\/revisions\/3387"}],"wp:attachment":[{"href":"https:\/\/www.kunstzumwohlf\u00fchlen.com\/index.php?rest_route=%2Fwp%2Fv2%2Fmedia&parent=2250"}],"curies":[{"name":"wp","href":"https:\/\/api.w.org\/{rel}","templated":true}]}}